{"id":285,"date":"2021-09-08T11:21:21","date_gmt":"2021-09-08T16:21:21","guid":{"rendered":"http:\/\/www.ferremelius.com\/?post_type=product&#038;p=285"},"modified":"2022-10-24T12:00:19","modified_gmt":"2022-10-24T17:00:19","slug":"de-pie-aluminio","status":"publish","type":"product","link":"https:\/\/www.ferremelius.com\/index.php\/product\/de-pie-aluminio\/","title":{"rendered":"DE PIE ALUMINIO"},"content":{"rendered":"<p>Cuerpo en Aluminio fundido. Canastilla en Acero bicromado. Tuerca en Lat\u00f3n. Sello en Neopreno. Conexi\u00f3n BRIDA 1759-4 150. Presi\u00f3n de trabajo 6\u2033: 125 PSI \u2013 8\u2033, 10\u2033, 12\u2033: 100 PSI. Plato en Aluminio Marca Helbert<\/p>\n","protected":false},"excerpt":{"rendered":"<a class=\"button  button_size_2 button_dark\" href=\"http:\/\/wa.link\/g8eusa\" target=\"_blank\"   ><span class=\"button_label\">Escr\u00edbenos<\/span><\/a>\n\n","protected":false},"featured_media":424,"comment_status":"open","ping_status":"closed","template":"","meta":[],"product_brand":[],"product_cat":[27],"product_tag":[20],"class_list":{"0":"post-285","1":"product","2":"type-product","3":"status-publish","4":"has-post-thumbnail","6":"product_cat-valvulas","7":"product_tag-ferremelius","9":"first","10":"instock","11":"shipping-taxable","12":"product-type-simple"},"_links":{"self":[{"href":"https:\/\/www.ferremelius.com\/index.php\/wp-json\/wp\/v2\/product\/285","targetHints":{"allow":["GET"]}}],"collection":[{"href":"https:\/\/www.ferremelius.com\/index.php\/wp-json\/wp\/v2\/product"}],"about":[{"href":"https:\/\/www.ferremelius.com\/index.php\/wp-json\/wp\/v2\/types\/product"}],"replies":[{"embeddable":true,"href":"https:\/\/www.ferremelius.com\/index.php\/wp-json\/wp\/v2\/comments?post=285"}],"wp:featuredmedia":[{"embeddable":true,"href":"https:\/\/www.ferremelius.com\/index.php\/wp-json\/wp\/v2\/media\/424"}],"wp:attachment":[{"href":"https:\/\/www.ferremelius.com\/index.php\/wp-json\/wp\/v2\/media?parent=285"}],"wp:term":[{"taxonomy":"product_brand","embeddable":true,"href":"https:\/\/www.ferremelius.com\/index.php\/wp-json\/wp\/v2\/product_brand?post=285"},{"taxonomy":"product_cat","embeddable":true,"href":"https:\/\/www.ferremelius.com\/index.php\/wp-json\/wp\/v2\/product_cat?post=285"},{"taxonomy":"product_tag","embeddable":true,"href":"https:\/\/www.ferremelius.com\/index.php\/wp-json\/wp\/v2\/product_tag?post=285"}],"curies":[{"name":"wp","href":"https:\/\/api.w.org\/{rel}","templated":true}]}}