{"id":652,"date":"2021-09-22T21:47:54","date_gmt":"2021-09-23T02:47:54","guid":{"rendered":"http:\/\/www.ferremelius.com\/?post_type=product&#038;p=652"},"modified":"2022-10-24T16:47:13","modified_gmt":"2022-10-24T21:47:13","slug":"gabinete-tipo-1-2-3-empotrar-y-sobreponer","status":"publish","type":"product","link":"https:\/\/www.ferremelius.com\/index.php\/product\/gabinete-tipo-1-2-3-empotrar-y-sobreponer\/","title":{"rendered":"GABINETE TIPO 1-2-3 EMPOTRAR Y SOBREPONER"},"content":{"rendered":"<p>Fabricada en l\u00e1mina Coll Rolled calibre 20 con chapa y llave, pintura roja electrost\u00e1tica color rojo bermell\u00f3n, hueco derecho o izquierdo, no incluye vidrio<br \/>\nTipo I: 77cm x 77cm x 22cm<br \/>\nTipo II: 77cm x 77cm x 24cm<br \/>\nTipo III: 77cm x 99cm x 24cm<\/p>\n","protected":false},"excerpt":{"rendered":"<a class=\"button  button_size_2\" href=\"http:\/\/wa.link\/g8eusa\" style=\"background-color:#094583!important;\" target=\"_blank\"   ><span class=\"button_label\">Escr\u00edbenos<\/span><\/a>\n\n","protected":false},"featured_media":662,"comment_status":"open","ping_status":"closed","template":"","meta":[],"product_brand":[],"product_cat":[22],"product_tag":[20],"class_list":{"0":"post-652","1":"product","2":"type-product","3":"status-publish","4":"has-post-thumbnail","6":"product_cat-red-contra-incendios","7":"product_tag-ferremelius","9":"first","10":"instock","11":"shipping-taxable","12":"product-type-simple"},"_links":{"self":[{"href":"https:\/\/www.ferremelius.com\/index.php\/wp-json\/wp\/v2\/product\/652","targetHints":{"allow":["GET"]}}],"collection":[{"href":"https:\/\/www.ferremelius.com\/index.php\/wp-json\/wp\/v2\/product"}],"about":[{"href":"https:\/\/www.ferremelius.com\/index.php\/wp-json\/wp\/v2\/types\/product"}],"replies":[{"embeddable":true,"href":"https:\/\/www.ferremelius.com\/index.php\/wp-json\/wp\/v2\/comments?post=652"}],"wp:featuredmedia":[{"embeddable":true,"href":"https:\/\/www.ferremelius.com\/index.php\/wp-json\/wp\/v2\/media\/662"}],"wp:attachment":[{"href":"https:\/\/www.ferremelius.com\/index.php\/wp-json\/wp\/v2\/media?parent=652"}],"wp:term":[{"taxonomy":"product_brand","embeddable":true,"href":"https:\/\/www.ferremelius.com\/index.php\/wp-json\/wp\/v2\/product_brand?post=652"},{"taxonomy":"product_cat","embeddable":true,"href":"https:\/\/www.ferremelius.com\/index.php\/wp-json\/wp\/v2\/product_cat?post=652"},{"taxonomy":"product_tag","embeddable":true,"href":"https:\/\/www.ferremelius.com\/index.php\/wp-json\/wp\/v2\/product_tag?post=652"}],"curies":[{"name":"wp","href":"https:\/\/api.w.org\/{rel}","templated":true}]}}