{"id":672,"date":"2021-09-22T21:55:30","date_gmt":"2021-09-23T02:55:30","guid":{"rendered":"http:\/\/www.ferremelius.com\/?post_type=product&#038;p=672"},"modified":"2022-10-24T16:16:31","modified_gmt":"2022-10-24T21:16:31","slug":"rociador-horizontal-o-de-pared","status":"publish","type":"product","link":"https:\/\/www.ferremelius.com\/index.php\/product\/rociador-horizontal-o-de-pared\/","title":{"rendered":"ROCIADOR HORIZONTAL O DE PARED"},"content":{"rendered":"<p>En bulbo de vidrio peque\u00f1o y termo sensible respuesta r\u00e1pida y est\u00e1ndar <\/p>\n","protected":false},"excerpt":{"rendered":"<a class=\"button  button_size_2\" href=\"http:\/\/wa.link\/g8eusa\" style=\"background-color:#094583!important;\" target=\"_blank\"   ><span class=\"button_label\">Escr\u00edbenos<\/span><\/a>\n\n","protected":false},"featured_media":682,"comment_status":"open","ping_status":"closed","template":"","meta":[],"product_brand":[],"product_cat":[22],"product_tag":[20],"class_list":{"0":"post-672","1":"product","2":"type-product","3":"status-publish","4":"has-post-thumbnail","6":"product_cat-red-contra-incendios","7":"product_tag-ferremelius","9":"first","10":"instock","11":"shipping-taxable","12":"product-type-simple"},"_links":{"self":[{"href":"https:\/\/www.ferremelius.com\/index.php\/wp-json\/wp\/v2\/product\/672","targetHints":{"allow":["GET"]}}],"collection":[{"href":"https:\/\/www.ferremelius.com\/index.php\/wp-json\/wp\/v2\/product"}],"about":[{"href":"https:\/\/www.ferremelius.com\/index.php\/wp-json\/wp\/v2\/types\/product"}],"replies":[{"embeddable":true,"href":"https:\/\/www.ferremelius.com\/index.php\/wp-json\/wp\/v2\/comments?post=672"}],"wp:featuredmedia":[{"embeddable":true,"href":"https:\/\/www.ferremelius.com\/index.php\/wp-json\/wp\/v2\/media\/682"}],"wp:attachment":[{"href":"https:\/\/www.ferremelius.com\/index.php\/wp-json\/wp\/v2\/media?parent=672"}],"wp:term":[{"taxonomy":"product_brand","embeddable":true,"href":"https:\/\/www.ferremelius.com\/index.php\/wp-json\/wp\/v2\/product_brand?post=672"},{"taxonomy":"product_cat","embeddable":true,"href":"https:\/\/www.ferremelius.com\/index.php\/wp-json\/wp\/v2\/product_cat?post=672"},{"taxonomy":"product_tag","embeddable":true,"href":"https:\/\/www.ferremelius.com\/index.php\/wp-json\/wp\/v2\/product_tag?post=672"}],"curies":[{"name":"wp","href":"https:\/\/api.w.org\/{rel}","templated":true}]}}