{"id":678,"date":"2021-09-22T21:55:40","date_gmt":"2021-09-23T02:55:40","guid":{"rendered":"http:\/\/www.ferremelius.com\/?post_type=product&#038;p=678"},"modified":"2022-10-24T15:53:27","modified_gmt":"2022-10-24T20:53:27","slug":"soporte-980-antisismico","status":"publish","type":"product","link":"https:\/\/www.ferremelius.com\/index.php\/product\/soporte-980-antisismico\/","title":{"rendered":"SOPORTE 980 ANTIS\u00cdSMICO"},"content":{"rendered":"<p>Material acero al carb\u00f3n para fijar tuber\u00edas a estructura met\u00e1lica UL\/FM<\/p>\n","protected":false},"excerpt":{"rendered":"<a class=\"button  button_size_2\" href=\"http:\/\/wa.link\/g8eusa\" style=\"background-color:#094583!important;\" target=\"_blank\"   ><span class=\"button_label\">Escr\u00edbenos<\/span><\/a>\n\n","protected":false},"featured_media":688,"comment_status":"open","ping_status":"closed","template":"","meta":[],"product_brand":[],"product_cat":[22],"product_tag":[20],"class_list":{"0":"post-678","1":"product","2":"type-product","3":"status-publish","4":"has-post-thumbnail","6":"product_cat-red-contra-incendios","7":"product_tag-ferremelius","9":"first","10":"instock","11":"shipping-taxable","12":"product-type-simple"},"_links":{"self":[{"href":"https:\/\/www.ferremelius.com\/index.php\/wp-json\/wp\/v2\/product\/678","targetHints":{"allow":["GET"]}}],"collection":[{"href":"https:\/\/www.ferremelius.com\/index.php\/wp-json\/wp\/v2\/product"}],"about":[{"href":"https:\/\/www.ferremelius.com\/index.php\/wp-json\/wp\/v2\/types\/product"}],"replies":[{"embeddable":true,"href":"https:\/\/www.ferremelius.com\/index.php\/wp-json\/wp\/v2\/comments?post=678"}],"wp:featuredmedia":[{"embeddable":true,"href":"https:\/\/www.ferremelius.com\/index.php\/wp-json\/wp\/v2\/media\/688"}],"wp:attachment":[{"href":"https:\/\/www.ferremelius.com\/index.php\/wp-json\/wp\/v2\/media?parent=678"}],"wp:term":[{"taxonomy":"product_brand","embeddable":true,"href":"https:\/\/www.ferremelius.com\/index.php\/wp-json\/wp\/v2\/product_brand?post=678"},{"taxonomy":"product_cat","embeddable":true,"href":"https:\/\/www.ferremelius.com\/index.php\/wp-json\/wp\/v2\/product_cat?post=678"},{"taxonomy":"product_tag","embeddable":true,"href":"https:\/\/www.ferremelius.com\/index.php\/wp-json\/wp\/v2\/product_tag?post=678"}],"curies":[{"name":"wp","href":"https:\/\/api.w.org\/{rel}","templated":true}]}}