{"id":729,"date":"2021-09-22T22:17:51","date_gmt":"2021-09-23T03:17:51","guid":{"rendered":"http:\/\/www.ferremelius.com\/?post_type=product&#038;p=729"},"modified":"2022-10-24T15:06:54","modified_gmt":"2022-10-24T20:06:54","slug":"filtro-yee-hierro-roscado-spirax-sarco","status":"publish","type":"product","link":"https:\/\/www.ferremelius.com\/index.php\/product\/filtro-yee-hierro-roscado-spirax-sarco\/","title":{"rendered":"FILTRO YEE HIERRO ROSCADO SPIRAX SARCO"},"content":{"rendered":"<p>Los filtros tipo \u201cY\u201d protegen a medidores de caudal, bombas, v\u00e1lvulas de globo y aguja, v\u00e1lvulas reductoras y termost\u00e1ticas, trampas y otros equipos de control, reteniendo los restos s\u00f3lidos para evitar que da\u00f1en los asientos y generen las consecuentes fugas<\/p>\n","protected":false},"excerpt":{"rendered":"<a class=\"button  button_size_2\" href=\"http:\/\/wa.link\/g8eusa\" style=\"background-color:#094583!important;\" target=\"_blank\"   ><span class=\"button_label\">Escr\u00edbenos<\/span><\/a>\n\n","protected":false},"featured_media":730,"comment_status":"open","ping_status":"closed","template":"","meta":[],"product_brand":[],"product_cat":[21,33],"product_tag":[20],"class_list":{"0":"post-729","1":"product","2":"type-product","3":"status-publish","4":"has-post-thumbnail","6":"product_cat-accesorios","7":"product_cat-vapor","8":"product_tag-ferremelius","10":"first","11":"instock","12":"shipping-taxable","13":"product-type-simple"},"_links":{"self":[{"href":"https:\/\/www.ferremelius.com\/index.php\/wp-json\/wp\/v2\/product\/729","targetHints":{"allow":["GET"]}}],"collection":[{"href":"https:\/\/www.ferremelius.com\/index.php\/wp-json\/wp\/v2\/product"}],"about":[{"href":"https:\/\/www.ferremelius.com\/index.php\/wp-json\/wp\/v2\/types\/product"}],"replies":[{"embeddable":true,"href":"https:\/\/www.ferremelius.com\/index.php\/wp-json\/wp\/v2\/comments?post=729"}],"wp:featuredmedia":[{"embeddable":true,"href":"https:\/\/www.ferremelius.com\/index.php\/wp-json\/wp\/v2\/media\/730"}],"wp:attachment":[{"href":"https:\/\/www.ferremelius.com\/index.php\/wp-json\/wp\/v2\/media?parent=729"}],"wp:term":[{"taxonomy":"product_brand","embeddable":true,"href":"https:\/\/www.ferremelius.com\/index.php\/wp-json\/wp\/v2\/product_brand?post=729"},{"taxonomy":"product_cat","embeddable":true,"href":"https:\/\/www.ferremelius.com\/index.php\/wp-json\/wp\/v2\/product_cat?post=729"},{"taxonomy":"product_tag","embeddable":true,"href":"https:\/\/www.ferremelius.com\/index.php\/wp-json\/wp\/v2\/product_tag?post=729"}],"curies":[{"name":"wp","href":"https:\/\/api.w.org\/{rel}","templated":true}]}}