{"id":732,"date":"2021-09-22T22:18:50","date_gmt":"2021-09-23T03:18:50","guid":{"rendered":"http:\/\/www.ferremelius.com\/?post_type=product&#038;p=732"},"modified":"2022-10-24T15:03:30","modified_gmt":"2022-10-24T20:03:30","slug":"trampa-flotador-ft14-spirax-sarco","status":"publish","type":"product","link":"https:\/\/www.ferremelius.com\/index.php\/product\/trampa-flotador-ft14-spirax-sarco\/","title":{"rendered":"TRAMPA FLOTADOR FT14 SPIRAX SARCO"},"content":{"rendered":"<p>Purgador para vapor de boya cerrada con cuerpo en fundici\u00f3n nodular, partes internas en acero inoxidable y con eliminador termost\u00e1tico de aire interno. Se puede realizar en mantenimiento del purgador sin desmontar de la l\u00ednea.<\/p>\n","protected":false},"excerpt":{"rendered":"<a class=\"button  button_size_2\" href=\"http:\/\/wa.link\/g8eusa\" style=\"background-color:#094583!important;\" target=\"_blank\"   ><span class=\"button_label\">Escr\u00edbenos<\/span><\/a>\n\n","protected":false},"featured_media":745,"comment_status":"open","ping_status":"closed","template":"","meta":[],"product_brand":[],"product_cat":[21,33],"product_tag":[20],"class_list":{"0":"post-732","1":"product","2":"type-product","3":"status-publish","4":"has-post-thumbnail","6":"product_cat-accesorios","7":"product_cat-vapor","8":"product_tag-ferremelius","10":"first","11":"instock","12":"shipping-taxable","13":"product-type-simple"},"_links":{"self":[{"href":"https:\/\/www.ferremelius.com\/index.php\/wp-json\/wp\/v2\/product\/732","targetHints":{"allow":["GET"]}}],"collection":[{"href":"https:\/\/www.ferremelius.com\/index.php\/wp-json\/wp\/v2\/product"}],"about":[{"href":"https:\/\/www.ferremelius.com\/index.php\/wp-json\/wp\/v2\/types\/product"}],"replies":[{"embeddable":true,"href":"https:\/\/www.ferremelius.com\/index.php\/wp-json\/wp\/v2\/comments?post=732"}],"wp:featuredmedia":[{"embeddable":true,"href":"https:\/\/www.ferremelius.com\/index.php\/wp-json\/wp\/v2\/media\/745"}],"wp:attachment":[{"href":"https:\/\/www.ferremelius.com\/index.php\/wp-json\/wp\/v2\/media?parent=732"}],"wp:term":[{"taxonomy":"product_brand","embeddable":true,"href":"https:\/\/www.ferremelius.com\/index.php\/wp-json\/wp\/v2\/product_brand?post=732"},{"taxonomy":"product_cat","embeddable":true,"href":"https:\/\/www.ferremelius.com\/index.php\/wp-json\/wp\/v2\/product_cat?post=732"},{"taxonomy":"product_tag","embeddable":true,"href":"https:\/\/www.ferremelius.com\/index.php\/wp-json\/wp\/v2\/product_tag?post=732"}],"curies":[{"name":"wp","href":"https:\/\/api.w.org\/{rel}","templated":true}]}}