{"id":735,"date":"2021-09-22T22:18:55","date_gmt":"2021-09-23T03:18:55","guid":{"rendered":"http:\/\/www.ferremelius.com\/?post_type=product&#038;p=735"},"modified":"2022-10-24T14:56:53","modified_gmt":"2022-10-24T19:56:53","slug":"trampa-termodinamica-con-aislante-tapa-azul-td52-spirax-sarco","status":"publish","type":"product","link":"https:\/\/www.ferremelius.com\/index.php\/product\/trampa-termodinamica-con-aislante-tapa-azul-td52-spirax-sarco\/","title":{"rendered":"TRAMPA TERMODIN\u00c1MICA CON AISLANTE TAPA AZUL TD52 SPIRAX SARCO"},"content":{"rendered":"<p>El TD52M es un purgador termodin\u00e1mico con mantenimiento de acero inoxidable espec\u00edficamente dise\u00f1ado para relativas peque\u00f1as cargas de condensado tales como el drenaje de l\u00edneas de vapor.<br \/>\nHay disponible una versi\u00f3n para cargas de condensado muy peque\u00f1as, designado LC (TD52MLC). Para aplicaciones donde est\u00e9 presente el aire se dispone de una versi\u00f3n con disco que incorpora eliminador de aire designado con la letra A (TD52MA y TD52MLCA).<\/p>\n","protected":false},"excerpt":{"rendered":"<a class=\"button  button_size_2\" href=\"http:\/\/wa.link\/g8eusa\" style=\"background-color:#094583!important;\" target=\"_blank\"   ><span class=\"button_label\">Escr\u00edbenos<\/span><\/a>\n\n","protected":false},"featured_media":748,"comment_status":"open","ping_status":"closed","template":"","meta":[],"product_brand":[],"product_cat":[21,33],"product_tag":[20],"class_list":{"0":"post-735","1":"product","2":"type-product","3":"status-publish","4":"has-post-thumbnail","6":"product_cat-accesorios","7":"product_cat-vapor","8":"product_tag-ferremelius","10":"first","11":"instock","12":"shipping-taxable","13":"product-type-simple"},"_links":{"self":[{"href":"https:\/\/www.ferremelius.com\/index.php\/wp-json\/wp\/v2\/product\/735","targetHints":{"allow":["GET"]}}],"collection":[{"href":"https:\/\/www.ferremelius.com\/index.php\/wp-json\/wp\/v2\/product"}],"about":[{"href":"https:\/\/www.ferremelius.com\/index.php\/wp-json\/wp\/v2\/types\/product"}],"replies":[{"embeddable":true,"href":"https:\/\/www.ferremelius.com\/index.php\/wp-json\/wp\/v2\/comments?post=735"}],"wp:featuredmedia":[{"embeddable":true,"href":"https:\/\/www.ferremelius.com\/index.php\/wp-json\/wp\/v2\/media\/748"}],"wp:attachment":[{"href":"https:\/\/www.ferremelius.com\/index.php\/wp-json\/wp\/v2\/media?parent=735"}],"wp:term":[{"taxonomy":"product_brand","embeddable":true,"href":"https:\/\/www.ferremelius.com\/index.php\/wp-json\/wp\/v2\/product_brand?post=735"},{"taxonomy":"product_cat","embeddable":true,"href":"https:\/\/www.ferremelius.com\/index.php\/wp-json\/wp\/v2\/product_cat?post=735"},{"taxonomy":"product_tag","embeddable":true,"href":"https:\/\/www.ferremelius.com\/index.php\/wp-json\/wp\/v2\/product_tag?post=735"}],"curies":[{"name":"wp","href":"https:\/\/api.w.org\/{rel}","templated":true}]}}